{"id":7,"date":"2017-01-13T10:42:13","date_gmt":"2017-01-13T09:42:13","guid":{"rendered":"http:\/\/www.leilimohseni.com\/cms\/?page_id=7"},"modified":"2017-10-20T17:25:28","modified_gmt":"2017-10-20T15:25:28","slug":"accueil","status":"publish","type":"page","link":"https:\/\/www.leilimohseni.com\/cms\/","title":{"rendered":"Accueil"},"content":{"rendered":"<figure id=\"attachment_151\" aria-describedby=\"caption-attachment-151\" style=\"width: 221px\" class=\"wp-caption alignleft\"><a href=\"http:\/\/www.leilimohseni.com\/cms\/wp-content\/uploads\/2017\/01\/15-60x82-emulsion-sur-toile.jpg\" data-rel=\"lightbox-image-0\" data-rl_title=\"\" data-rl_caption=\"\"><img loading=\"lazy\" decoding=\"async\" class=\"wp-image-151 size-medium\" title=\"\" src=\"http:\/\/www.leilimohseni.com\/cms\/wp-content\/uploads\/2017\/01\/15-60x82-emulsion-sur-toile-221x300.jpg\" alt=\"Leili Mohseni peintre\" width=\"221\" height=\"300\" srcset=\"https:\/\/www.leilimohseni.com\/cms\/wp-content\/uploads\/2017\/01\/15-60x82-emulsion-sur-toile-221x300.jpg 221w, https:\/\/www.leilimohseni.com\/cms\/wp-content\/uploads\/2017\/01\/15-60x82-emulsion-sur-toile.jpg 589w\" sizes=\"auto, (max-width: 221px) 100vw, 221px\" \/><\/a><figcaption id=\"caption-attachment-151\" class=\"wp-caption-text\">\u00c9mulsion sur toile 60 x 82<\/figcaption><\/figure>\n<p><br style=\"clear: both;\" \/>Les silences, les ombres et les lumi\u00e8res aveuglantes des apr\u00e8s midis,<br \/>\nl\u2019odeur humides des parterres fleuris que l\u2019on arrose en fin de journ\u00e9e en Iran,<br \/>\npeuplent mes souvenirs, inspirent mes r\u00e9flexions et se refl\u00e8tent dans mes perceptions.<br \/>\nDans la vibration des lumi\u00e8res parisiennes, l\u2019\u00e9merveillement reste le m\u00eame.<\/p>\n","protected":false},"excerpt":{"rendered":"<p>Les silences, les ombres et les lumi\u00e8res aveuglantes des apr\u00e8s midis, l\u2019odeur humides des parterres fleuris que l\u2019on arrose en fin de journ\u00e9e en Iran, peuplent mes souvenirs, inspirent mes r\u00e9flexions et se refl\u00e8tent dans mes perceptions. Dans la vibration des lumi\u00e8res parisiennes, l\u2019\u00e9merveillement reste le m\u00eame.<\/p>\n","protected":false},"author":1,"featured_media":0,"parent":0,"menu_order":0,"comment_status":"closed","ping_status":"closed","template":"","meta":{"footnotes":""},"class_list":["post-7","page","type-page","status-publish","hentry"],"_links":{"self":[{"href":"https:\/\/www.leilimohseni.com\/cms\/wp-json\/wp\/v2\/pages\/7","targetHints":{"allow":["GET"]}}],"collection":[{"href":"https:\/\/www.leilimohseni.com\/cms\/wp-json\/wp\/v2\/pages"}],"about":[{"href":"https:\/\/www.leilimohseni.com\/cms\/wp-json\/wp\/v2\/types\/page"}],"author":[{"embeddable":true,"href":"https:\/\/www.leilimohseni.com\/cms\/wp-json\/wp\/v2\/users\/1"}],"replies":[{"embeddable":true,"href":"https:\/\/www.leilimohseni.com\/cms\/wp-json\/wp\/v2\/comments?post=7"}],"version-history":[{"count":11,"href":"https:\/\/www.leilimohseni.com\/cms\/wp-json\/wp\/v2\/pages\/7\/revisions"}],"predecessor-version":[{"id":276,"href":"https:\/\/www.leilimohseni.com\/cms\/wp-json\/wp\/v2\/pages\/7\/revisions\/276"}],"wp:attachment":[{"href":"https:\/\/www.leilimohseni.com\/cms\/wp-json\/wp\/v2\/media?parent=7"}],"curies":[{"name":"wp","href":"https:\/\/api.w.org\/{rel}","templated":true}]}}