{"id":57,"date":"2017-01-13T11:15:58","date_gmt":"2017-01-13T10:15:58","guid":{"rendered":"http:\/\/www.leilimohseni.com\/cms\/?page_id=57"},"modified":"2017-06-14T17:50:45","modified_gmt":"2017-06-14T15:50:45","slug":"a-propos","status":"publish","type":"page","link":"https:\/\/www.leilimohseni.com\/cms\/a-propos\/","title":{"rendered":"\u00c0 propos"},"content":{"rendered":"<figure id=\"attachment_121\" aria-describedby=\"caption-attachment-121\" style=\"width: 194px\" class=\"wp-caption alignleft\"><a href=\"http:\/\/www.leilimohseni.com\/cms\/wp-content\/uploads\/2017\/01\/atelier-1-b-1.jpg\" data-rel=\"lightbox-image-0\" data-rl_title=\"\" data-rl_caption=\"\"><img loading=\"lazy\" decoding=\"async\" class=\"wp-image-121\" title=\"\" src=\"http:\/\/www.leilimohseni.com\/cms\/wp-content\/uploads\/2017\/01\/atelier-1-b-1.jpg\" alt=\"Leili Mohseni peintre\" width=\"194\" height=\"260\" srcset=\"https:\/\/www.leilimohseni.com\/cms\/wp-content\/uploads\/2017\/01\/atelier-1-b-1.jpg 504w, https:\/\/www.leilimohseni.com\/cms\/wp-content\/uploads\/2017\/01\/atelier-1-b-1-224x300.jpg 224w\" sizes=\"auto, (max-width: 194px) 100vw, 194px\" \/><\/a><figcaption id=\"caption-attachment-121\" class=\"wp-caption-text\">100&#215;73 \u00e9mulsion sur toile<\/figcaption><\/figure>\n<figure id=\"attachment_150\" aria-describedby=\"caption-attachment-150\" style=\"width: 350px\" class=\"wp-caption alignleft\"><a href=\"http:\/\/www.leilimohseni.com\/cms\/wp-content\/uploads\/2017\/01\/14-100F-emulsion-sur-toile.jpg\" data-rel=\"lightbox-image-1\" data-rl_title=\"\" data-rl_caption=\"\"><img loading=\"lazy\" decoding=\"async\" class=\"wp-image-150\" title=\"\" src=\"http:\/\/www.leilimohseni.com\/cms\/wp-content\/uploads\/2017\/01\/14-100F-emulsion-sur-toile.jpg\" alt=\"100 figure, \u00e9mulsion sur toile\" width=\"350\" height=\"260\" srcset=\"https:\/\/www.leilimohseni.com\/cms\/wp-content\/uploads\/2017\/01\/14-100F-emulsion-sur-toile.jpg 800w, https:\/\/www.leilimohseni.com\/cms\/wp-content\/uploads\/2017\/01\/14-100F-emulsion-sur-toile-300x223.jpg 300w, https:\/\/www.leilimohseni.com\/cms\/wp-content\/uploads\/2017\/01\/14-100F-emulsion-sur-toile-768x571.jpg 768w\" sizes=\"auto, (max-width: 350px) 100vw, 350px\" \/><\/a><figcaption id=\"caption-attachment-150\" class=\"wp-caption-text\">100 figure, \u00e9mulsion sur toile<\/figcaption><\/figure>\n<p><br style=\"clear:both;\" \/><\/p>\n<hr \/>\n<p>Dans ces pi\u00e8ces d\u00e9pouill\u00e9es ne subsiste que l&rsquo;essentiel :<br \/>\nla table du partage, les fauteuils du repos et de la r\u00e9flexion,<br \/>\nle sol, support des corps et des jeux.<\/p>\n<p>L\u2019\u00e9paisseur d\u2019une peinture travaill\u00e9e avec patience souligne les corps.<\/p>\n<p class=\"paragraph_style\">La sc\u00e8ne se passe \u00e0 cet instant de suspens o\u00f9 le partage et le dialogue cessent et o\u00f9 chacun demeure en lui-m\u00eame. Seuls ensemble, les personnages appartiennent \u00e0 l\u2019int\u00e9rieur \u00e9pur\u00e9 et profond de la maison, les grandes fen\u00eatres laissent entrer la lumi\u00e8re ou l\u2019obscurit\u00e9 du monde ext\u00e9rieur : elles relient autant qu\u2019elles s\u00e9parent.<\/p>\n<p>Le temps est suspendu mais non arr\u00eat\u00e9.<\/p>\n<p class=\"paragraph_style\">D\u00e9j\u00e0, l\u2019on pressent que le silence de la sc\u00e8ne pr\u00e9figure l\u2019autre silence. Pourtant, nulle violence et nulle d\u00e9tresse dans ces tableaux. Seule r\u00e8gne la gravit\u00e9 de ceux qui vivent pr\u00e8s de la fronti\u00e8re, conscients de la n\u00e9cessit\u00e9 du passage vers l\u2019au-del\u00e0.<\/p>\n<p class=\"paragraph_style\">Le spectateur, inclus dans l\u2019espace ouvert du tableau, est invit\u00e9 \u00e0 participer \u00e0 la relation muette et intime des personnages mais aussi \u00e0 faire face \u00e0 la fen\u00eatre, lieu de passage vers un espace d\u2019inconnu et de pl\u00e9nitude. Les tableaux pr\u00e9servent leur myst\u00e8re, tels la grande pi\u00e8ce rouge pr\u00eate \u00e0 accueillir celui qui viendra, mais qui demeure silencieuse, secr\u00e8te et chaleureuse comme un grenier oubli\u00e9.<\/p>\n<p>Le monde int\u00e9rieur est ainsi subtilement \u00e9clair\u00e9 : il est tout \u00e0 la fois fermeture et ouverture, immobilit\u00e9 et promesse de mouvement ; monde de partage et de solitude, il est cet espace clos o\u00f9 la fen\u00eatre s\u2019\u00e9tale comme une immense voile.<\/p>\n<p class=\"paragraph_style\">Fanny Moghaddassi<\/p>\n","protected":false},"excerpt":{"rendered":"<p>Dans ces pi\u00e8ces d\u00e9pouill\u00e9es ne subsiste que l&rsquo;essentiel : la table du partage, les fauteuils du repos et de la r\u00e9flexion, le sol, support des corps et des jeux. L\u2019\u00e9paisseur d\u2019une peinture travaill\u00e9e avec patience souligne les corps. La sc\u00e8ne se passe \u00e0 cet instant de suspens o\u00f9 le partage et le dialogue cessent et &hellip; <\/p>\n<p class=\"link-more\"><a href=\"https:\/\/www.leilimohseni.com\/cms\/a-propos\/\" class=\"more-link\">Continuer la lecture<span class=\"screen-reader-text\"> de &laquo;&nbsp;\u00c0 propos&nbsp;&raquo;<\/span><\/a><\/p>\n","protected":false},"author":1,"featured_media":0,"parent":0,"menu_order":0,"comment_status":"closed","ping_status":"closed","template":"","meta":{"footnotes":""},"class_list":["post-57","page","type-page","status-publish","hentry"],"_links":{"self":[{"href":"https:\/\/www.leilimohseni.com\/cms\/wp-json\/wp\/v2\/pages\/57","targetHints":{"allow":["GET"]}}],"collection":[{"href":"https:\/\/www.leilimohseni.com\/cms\/wp-json\/wp\/v2\/pages"}],"about":[{"href":"https:\/\/www.leilimohseni.com\/cms\/wp-json\/wp\/v2\/types\/page"}],"author":[{"embeddable":true,"href":"https:\/\/www.leilimohseni.com\/cms\/wp-json\/wp\/v2\/users\/1"}],"replies":[{"embeddable":true,"href":"https:\/\/www.leilimohseni.com\/cms\/wp-json\/wp\/v2\/comments?post=57"}],"version-history":[{"count":30,"href":"https:\/\/www.leilimohseni.com\/cms\/wp-json\/wp\/v2\/pages\/57\/revisions"}],"predecessor-version":[{"id":347,"href":"https:\/\/www.leilimohseni.com\/cms\/wp-json\/wp\/v2\/pages\/57\/revisions\/347"}],"wp:attachment":[{"href":"https:\/\/www.leilimohseni.com\/cms\/wp-json\/wp\/v2\/media?parent=57"}],"curies":[{"name":"wp","href":"https:\/\/api.w.org\/{rel}","templated":true}]}}