{"id":42,"date":"2017-01-13T11:09:39","date_gmt":"2017-01-13T10:09:39","guid":{"rendered":"http:\/\/www.leilimohseni.com\/cms\/?page_id=42"},"modified":"2021-07-26T16:20:57","modified_gmt":"2021-07-26T14:20:57","slug":"biographie","status":"publish","type":"page","link":"https:\/\/www.leilimohseni.com\/cms\/biographie\/","title":{"rendered":"Biographie"},"content":{"rendered":"<p><a href=\"http:\/\/www.leilimohseni.com\/cms\/wp-content\/uploads\/2017\/06\/leilimohseni-peintre-nb.jpg\" rel=\"lightbox\" data-rel=\"lightbox-image-0\" data-rl_title=\"\" data-rl_caption=\"\"><img loading=\"lazy\" decoding=\"async\" class=\"alignleft wp-image-344 size-medium\" title=\"\" src=\"http:\/\/www.leilimohseni.com\/cms\/wp-content\/uploads\/2017\/06\/leilimohseni-peintre-nb-259x300.jpg\" alt=\"Leili Mohseni, peintre\" width=\"259\" height=\"300\" srcset=\"https:\/\/www.leilimohseni.com\/cms\/wp-content\/uploads\/2017\/06\/leilimohseni-peintre-nb-259x300.jpg 259w, https:\/\/www.leilimohseni.com\/cms\/wp-content\/uploads\/2017\/06\/leilimohseni-peintre-nb.jpg 300w\" sizes=\"auto, (max-width: 259px) 100vw, 259px\" \/><\/a><br \/>\n<br style=\"clear: both;\" \/><br \/>\nN\u00e9e en Iran,<br \/>\nvit et travaille \u00e0 Paris<\/p>\n<hr \/>\n<p>Expositions collectives :<\/p>\n<p>Cit\u00e9 Internationale des Arts, Paris<br \/>\nLes femmes peintres et sculpteurs \u00e0 Vichy \u2013 \u00ab M\u00e9daille de Bronze \u00bb<br \/>\nInstitut de France dans le cadre de l\u2019exposition<br \/>\n\u00ab Prix du portrait de Paul Louis Weiller \u00bb, Paris<br \/>\nBiblioth\u00e8que Nationale, Paris<br \/>\nSalon de Bagneux<br \/>\n\u00ab 20 artistes pour la paix \u00bb, Galerie Municipale de Bagneux<br \/>\nGalerie Br\u00fbl\u00e9e, Strasbourg<br \/>\nHermitage Gallery, Washington D.C.<br \/>\nFondation nationale des arts plastiques et graphiques:<br \/>\nH\u00f4tel Salomon Rothschild, Paris<br \/>\nCentre des Bords de Marne, Le Perreux-sur-Marne<br \/>\nMah Gallery, T\u00e9h\u00e9ran, Iran<\/p>\n<p>Expositions personnelles :<\/p>\n<p>H\u00f4tel de Retz, Paris<br \/>\nPav\u00e9 d&rsquo;Orsay, Paris<br \/>\nFondation nationale des arts plastiques et graphiques :<br \/>\nH\u00f4tel Salomon Rothschild, Paris<br \/>\nGalerie Liszt, Paris<br \/>\nCit\u00e9 Internationale des Arts, Paris<br \/>\nCentre culturel, Neuilly-sur-Marne<br \/>\nCentre culturel iranien, Paris<br \/>\nHermitage Design &amp; Gallery, McLean, Virginia 22101 &#8211; USA<\/p>\n","protected":false},"excerpt":{"rendered":"<p>N\u00e9e en Iran, vit et travaille \u00e0 Paris Expositions collectives : Cit\u00e9 Internationale des Arts, Paris Les femmes peintres et sculpteurs \u00e0 Vichy \u2013 \u00ab M\u00e9daille de Bronze \u00bb Institut de France dans le cadre de l\u2019exposition \u00ab Prix du portrait de Paul Louis Weiller \u00bb, Paris Biblioth\u00e8que Nationale, Paris Salon de Bagneux \u00ab 20 &hellip; <\/p>\n<p class=\"link-more\"><a href=\"https:\/\/www.leilimohseni.com\/cms\/biographie\/\" class=\"more-link\">Continuer la lecture<span class=\"screen-reader-text\"> de &laquo;&nbsp;Biographie&nbsp;&raquo;<\/span><\/a><\/p>\n","protected":false},"author":1,"featured_media":0,"parent":0,"menu_order":0,"comment_status":"closed","ping_status":"closed","template":"","meta":{"footnotes":""},"class_list":["post-42","page","type-page","status-publish","hentry"],"_links":{"self":[{"href":"https:\/\/www.leilimohseni.com\/cms\/wp-json\/wp\/v2\/pages\/42","targetHints":{"allow":["GET"]}}],"collection":[{"href":"https:\/\/www.leilimohseni.com\/cms\/wp-json\/wp\/v2\/pages"}],"about":[{"href":"https:\/\/www.leilimohseni.com\/cms\/wp-json\/wp\/v2\/types\/page"}],"author":[{"embeddable":true,"href":"https:\/\/www.leilimohseni.com\/cms\/wp-json\/wp\/v2\/users\/1"}],"replies":[{"embeddable":true,"href":"https:\/\/www.leilimohseni.com\/cms\/wp-json\/wp\/v2\/comments?post=42"}],"version-history":[{"count":16,"href":"https:\/\/www.leilimohseni.com\/cms\/wp-json\/wp\/v2\/pages\/42\/revisions"}],"predecessor-version":[{"id":416,"href":"https:\/\/www.leilimohseni.com\/cms\/wp-json\/wp\/v2\/pages\/42\/revisions\/416"}],"wp:attachment":[{"href":"https:\/\/www.leilimohseni.com\/cms\/wp-json\/wp\/v2\/media?parent=42"}],"curies":[{"name":"wp","href":"https:\/\/api.w.org\/{rel}","templated":true}]}}